{"id":4200,"date":"2024-12-10T09:30:55","date_gmt":"2024-12-10T07:30:55","guid":{"rendered":"https:\/\/roima.sivupohja.fi\/?page_id=4200"},"modified":"2025-12-31T08:27:01","modified_gmt":"2025-12-31T06:27:01","slug":"kota-restaurant","status":"publish","type":"page","link":"https:\/\/roimarantasavu.fi\/en\/kota-restaurant\/","title":{"rendered":"Kota Restaurant"},"content":{"rendered":"\n<h2 class=\"wp-block-heading\">Lapland Flavors by the Open Fire<\/h2>\n\n\n\n<p>Roima Rantasavu\u2019s kota restaurant combines a wilderness-inspired ambiance with delightful culinary experiences. Sit back and relax by the open fire while savoring our lovingly prepared dishes.<\/p>\n\n\n\n<p>At our restaurant, we pride ourselves on using homemade recipes and baked goods crafted with care. We favor local and natural ingredients in our cooking, ensuring every bite reflects the essence of Lapland.<\/p>\n\n\n\n<p>Our kota restaurant is conveniently located right along the ski trail and snowmobile route.<\/p>\n\n\n\n<h2 class=\"wp-block-heading\">Lunch<\/h2>\n\n\n\n<p>Lunch Tuesday to Friday 11am-2pm<br>Price \u20ac14<\/p>\n\n\n\n<h2 class=\"wp-block-heading\">Pizza Menu<\/h2>\n\n\n\n<p><strong>All pizzas \u20ac15 \/ piece<\/strong><\/p>\n\n\n\n<ul class=\"wp-block-list\">\n<li><strong>Kisura<\/strong><br>Reindeer meat, red onion, mozzarella, and cheese<\/li>\n\n\n\n<li><strong>Gaisa<\/strong><br>Ham, pineapple, blue cheese, and cheese<\/li>\n\n\n\n<li><strong>Roiman ooppera<\/strong><br>Salami, tuna, ham, blue cheese, and cheese<\/li>\n\n\n\n<li><strong>Kahen puolen puuta<\/strong><br>Reindeer meat, reindeer steak, red onion, bacon, and cheese<\/li>\n\n\n\n<li><strong>Hein\u00e4j\u00e4nkk\u00e4<\/strong><br>Mushroom, red onion, tomatoes, mozzarella, basil, and cheese<\/li>\n<\/ul>\n\n\n\n<h2 class=\"wp-block-heading\">Waffles<\/h2>\n\n\n\n<ul class=\"wp-block-list\">\n<li><strong>Savory Waffle<\/strong><br>With reindeer or smoked salmon filling <strong>\u20ac15<\/strong><\/li>\n\n\n\n<li><strong>Sweet Waffle<\/strong><br>With ice cream, jam, and berries <strong>\u20ac12<\/strong><\/li>\n<\/ul>\n\n\n\n<h2 class=\"wp-block-heading\">A&#8217;la Carte<\/h2>\n\n\n\n<p>At Roima Rantasavu we prepare our meals with as many local ingredients as possible, <br>including mushrooms and berries we pick ourselves.<\/p>\n\n\n\n<ul class=\"wp-block-list\">\n<li>Perch file from lake P\u00f6yris, mushroom sauce                    25 \u20ac<\/li>\n\n\n\n<li>Stewed reindeer roast in a pot                                              29,50 \u20ac<\/li>\n\n\n\n<li>Chicken breast fillet with bearnaise sauce, jasmine rice   22 \u20ac<\/li>\n\n\n\n<li>Lauantaikori:                                                                             14 \u20ac<br>meatballs, chicken nuggets, onion rings, fries with dip<\/li>\n<\/ul>\n\n\n\n<h2 class=\"wp-block-heading\">Culinary Experiences for Groups of All Sizes<\/h2>\n\n\n\n<p>The kota restaurant welcomes both individual guests and groups, making it an ideal venue for celebrations or special events. Come and enjoy flavors that perfectly complement your nature-inspired experience!<\/p>\n","protected":false},"excerpt":{"rendered":"<p>Lapland Flavors by the Open Fire Roima Rantasavu\u2019s kota restaurant combines a wilderness-inspired ambiance with delightful culinary experiences. Sit back and relax by the open fire while savoring our lovingly prepared dishes. At our restaurant, we pride ourselves on using homemade recipes and baked goods crafted with care. We favor local and natural ingredients in [&hellip;]<\/p>\n","protected":false},"author":2,"featured_media":4140,"parent":0,"menu_order":0,"comment_status":"closed","ping_status":"closed","template":"","meta":{"_acf_changed":false,"_et_pb_use_builder":"","_et_pb_old_content":"","_et_gb_content_width":"","footnotes":""},"class_list":["post-4200","page","type-page","status-publish","has-post-thumbnail","hentry"],"acf":[],"_links":{"self":[{"href":"https:\/\/roimarantasavu.fi\/en\/wp-json\/wp\/v2\/pages\/4200","targetHints":{"allow":["GET"]}}],"collection":[{"href":"https:\/\/roimarantasavu.fi\/en\/wp-json\/wp\/v2\/pages"}],"about":[{"href":"https:\/\/roimarantasavu.fi\/en\/wp-json\/wp\/v2\/types\/page"}],"author":[{"embeddable":true,"href":"https:\/\/roimarantasavu.fi\/en\/wp-json\/wp\/v2\/users\/2"}],"replies":[{"embeddable":true,"href":"https:\/\/roimarantasavu.fi\/en\/wp-json\/wp\/v2\/comments?post=4200"}],"version-history":[{"count":4,"href":"https:\/\/roimarantasavu.fi\/en\/wp-json\/wp\/v2\/pages\/4200\/revisions"}],"predecessor-version":[{"id":4424,"href":"https:\/\/roimarantasavu.fi\/en\/wp-json\/wp\/v2\/pages\/4200\/revisions\/4424"}],"wp:featuredmedia":[{"embeddable":true,"href":"https:\/\/roimarantasavu.fi\/en\/wp-json\/wp\/v2\/media\/4140"}],"wp:attachment":[{"href":"https:\/\/roimarantasavu.fi\/en\/wp-json\/wp\/v2\/media?parent=4200"}],"curies":[{"name":"wp","href":"https:\/\/api.w.org\/{rel}","templated":true}]}}